{"id":1585,"date":"2020-05-10T20:21:23","date_gmt":"2020-05-10T18:21:23","guid":{"rendered":"https:\/\/vencom.se\/jobba-hos-vencom\/"},"modified":"2023-08-22T08:44:04","modified_gmt":"2023-08-22T06:44:04","slug":"jobba-hos-vencom","status":"publish","type":"page","link":"https:\/\/vencom.se\/sv\/jobba-hos-vencom\/","title":{"rendered":"Arbeta hos Vencom"},"content":{"rendered":"<p>[et_pb_section fb_built=&#8221;1&#8243; admin_label=&#8221;Split Section&#8221; _builder_version=&#8221;4.5.8&#8243; custom_padding=&#8221;0px||0px|&#8221; animation_style=&#8221;fold&#8221; animation_direction=&#8221;bottom&#8221; animation_intensity_fold=&#8221;4%&#8221; locked=&#8221;off&#8221;][et_pb_row use_custom_gutter=&#8221;on&#8221; gutter_width=&#8221;1&#8243; make_equal=&#8221;on&#8221; module_class=&#8221; et_pb_row_fullwidth&#8221; _builder_version=&#8221;4.7.4&#8243; background_image=&#8221;https:\/\/vencom.se\/wp-content\/uploads\/2020\/12\/Work_at_Vencom.png&#8221; background_repeat=&#8221;repeat&#8221; width=&#8221;100%&#8221; width_tablet=&#8221;100%&#8221; width_phone=&#8221;&#8221; width_last_edited=&#8221;on|desktop&#8221; max_width=&#8221;100%&#8221; max_width_tablet=&#8221;100%&#8221; max_width_phone=&#8221;&#8221; max_width_last_edited=&#8221;on|desktop&#8221; custom_margin=&#8221;|||&#8221; custom_padding=&#8221;0px||0px|&#8221; make_fullwidth=&#8221;on&#8221;][et_pb_column type=&#8221;4_4&#8243; _builder_version=&#8221;4.7.7&#8243; background_color=&#8221;#ffffff&#8221; background_position=&#8221;top_left&#8221; custom_padding=&#8221;8%|6%|8%|16%&#8221; custom_padding_tablet=&#8221;&#8221; custom_padding_phone=&#8221;80px|10%|80px|10%&#8221; custom_padding_last_edited=&#8221;on|desktop&#8221; custom_padding__hover=&#8221;|||&#8221;][et_pb_text _builder_version=&#8221;4.7.4&#8243; text_font=&#8221;Karla||||||||&#8221; text_text_color=&#8221;#000000&#8243; text_font_size=&#8221;18px&#8221; text_line_height=&#8221;1.8em&#8221; header_font=&#8221;Cormorant Garamond||||||||&#8221; header_text_color=&#8221;#000000&#8243; header_font_size=&#8221;56px&#8221; header_line_height=&#8221;1.4em&#8221; header_2_font=&#8221;||||||||&#8221; header_3_font=&#8221;||||||||&#8221; max_width=&#8221;600px&#8221; header_font_size_tablet=&#8221;40px&#8221; header_font_size_phone=&#8221;&#8221; header_font_size_last_edited=&#8221;on|tablet&#8221; locked=&#8221;off&#8221;]<\/p>\n<h1>Arbeta hos Vencom<\/h1>\n<p>Vencom pr\u00e4glas av en stark entrepren\u00f6rsanda. Hos Vencom \u00e4r eget initativtagande och egna id\u00e9er inte bara v\u00e4lkomna, utan f\u00f6rv\u00e4ntade. V\u00e5r arbetskultur skapar en \u00f6ppen och dynamisk arbetsplats d\u00e4r du f\u00e5r m\u00f6jligheter att utveckla dina professionella f\u00e4rdigheter.<\/p>\n<p>Vencom s\u00f6ker utbildade civilekonomer, civilingenj\u00f6rer eller motsvarande med examen p\u00e5 antingen master- eller kandidatniv\u00e5. Ut\u00f6ver att vara flytande i svenska f\u00f6rv\u00e4ntas du ocks\u00e5 vara det i engelska, i s\u00e5v\u00e4l tal som skrift. Ytterligare spr\u00e5kkunskaper ses som en merit.<\/p>\n<p>Ut\u00f6ver goda akademiska meriter ska du som s\u00f6kande ocks\u00e5 visa starka numeriska och analytiska f\u00e4rdigheter, en h\u00f6g grad av engagemang samt en stark k\u00e4nsla av ansvar och integritet.<\/p>\n<p>Om du har n\u00e5gra \u00e5rs relevant arbetslivserfarenhet och tror dig vara r\u00e4tt person att v\u00e4xa in i en ansvarstagande roll, tveka inte att kontakta oss.<\/p>\n<p>&nbsp;<\/p>\n<p>[\/et_pb_text][et_pb_image src=&#8221;https:\/\/vencom.se\/wp-content\/uploads\/2023\/04\/Image.aspx_.jpeg&#8221; title_text=&#8221;Bild.aspx&#8221; _builder_version=&#8221;4.7.7&#8243; _module_preset=&#8221;default&#8221;][\/et_pb_image][\/et_pb_column][\/et_pb_row][\/et_pb_section]<\/p>\n","protected":false},"excerpt":{"rendered":"<p>Arbeta hos Vencom Vencom pr\u00e4glas av en stark entrepren\u00f6rsanda. Hos Vencom \u00e4r eget initativtagande och egna id\u00e9er inte bara v\u00e4lkomna, utan f\u00f6rv\u00e4ntade. V\u00e5r arbetskultur skapar en \u00f6ppen och dynamisk arbetsplats d\u00e4r du f\u00e5r m\u00f6jligheter att utveckla dina professionella f\u00e4rdigheter. Vencom s\u00f6ker utbildade civilekonomer, civilingenj\u00f6rer eller motsvarande med examen p\u00e5 antingen master- eller kandidatniv\u00e5. Ut\u00f6ver att [&hellip;]<\/p>\n","protected":false},"author":1,"featured_media":0,"parent":0,"menu_order":0,"comment_status":"closed","ping_status":"closed","template":"","meta":{"_et_pb_use_builder":"on","_et_pb_old_content":"","_et_gb_content_width":""},"aioseo_notices":[],"_links":{"self":[{"href":"https:\/\/vencom.se\/sv\/wp-json\/wp\/v2\/pages\/1585"}],"collection":[{"href":"https:\/\/vencom.se\/sv\/wp-json\/wp\/v2\/pages"}],"about":[{"href":"https:\/\/vencom.se\/sv\/wp-json\/wp\/v2\/types\/page"}],"author":[{"embeddable":true,"href":"https:\/\/vencom.se\/sv\/wp-json\/wp\/v2\/users\/1"}],"replies":[{"embeddable":true,"href":"https:\/\/vencom.se\/sv\/wp-json\/wp\/v2\/comments?post=1585"}],"version-history":[{"count":23,"href":"https:\/\/vencom.se\/sv\/wp-json\/wp\/v2\/pages\/1585\/revisions"}],"predecessor-version":[{"id":1856,"href":"https:\/\/vencom.se\/sv\/wp-json\/wp\/v2\/pages\/1585\/revisions\/1856"}],"wp:attachment":[{"href":"https:\/\/vencom.se\/sv\/wp-json\/wp\/v2\/media?parent=1585"}],"curies":[{"name":"wp","href":"https:\/\/api.w.org\/{rel}","templated":true}]}}