{"id":1582,"date":"2020-08-26T08:31:37","date_gmt":"2020-08-26T06:31:37","guid":{"rendered":"https:\/\/vencom.se\/fastighet\/"},"modified":"2023-08-22T08:35:33","modified_gmt":"2023-08-22T06:35:33","slug":"fastighet","status":"publish","type":"page","link":"https:\/\/vencom.se\/sv\/fastighet\/","title":{"rendered":"Fastigheter"},"content":{"rendered":"<p>[et_pb_section fb_built=&#8221;1&#8243; admin_label=&#8221;Split Section&#8221; _builder_version=&#8221;4.16&#8243; custom_padding=&#8221;0px||0px|&#8221; animation_style=&#8221;fold&#8221; animation_direction=&#8221;bottom&#8221; animation_intensity_fold=&#8221;4%&#8221; locked=&#8221;off&#8221; global_colors_info=&#8221;{}&#8221;][et_pb_row column_structure=&#8221;1_2,1_2&#8243; use_custom_gutter=&#8221;on&#8221; gutter_width=&#8221;1&#8243; make_equal=&#8221;on&#8221; module_class=&#8221; et_pb_row_fullwidth&#8221; _builder_version=&#8221;4.16&#8243; background_size=&#8221;initial&#8221; background_position=&#8221;top_left&#8221; background_repeat=&#8221;repeat&#8221; width=&#8221;100%&#8221; width_tablet=&#8221;100%&#8221; width_phone=&#8221;&#8221; width_last_edited=&#8221;on|desktop&#8221; max_width=&#8221;100%&#8221; max_width_tablet=&#8221;100%&#8221; max_width_phone=&#8221;&#8221; max_width_last_edited=&#8221;on|desktop&#8221; custom_margin=&#8221;|||&#8221; custom_padding=&#8221;0px||0px|&#8221; make_fullwidth=&#8221;on&#8221; global_colors_info=&#8221;{}&#8221;][et_pb_column type=&#8221;1_2&#8243; _builder_version=&#8221;4.16&#8243; background_color=&#8221;#ffffff&#8221; background_position=&#8221;top_left&#8221; custom_padding=&#8221;8%|6%|8%|16%&#8221; custom_padding_tablet=&#8221;&#8221; custom_padding_phone=&#8221;80px|10%|80px|10%&#8221; custom_padding_last_edited=&#8221;on|desktop&#8221; global_colors_info=&#8221;{}&#8221; custom_padding__hover=&#8221;|||&#8221;][et_pb_text _builder_version=&#8221;4.16&#8243; text_font=&#8221;Karla||||||||&#8221; text_text_color=&#8221;#000000&#8243; text_font_size=&#8221;18px&#8221; text_line_height=&#8221;1.8em&#8221; header_font=&#8221;Cormorant Garamond||||||||&#8221; header_text_color=&#8221;#000000&#8243; header_font_size=&#8221;56px&#8221; header_line_height=&#8221;1.4em&#8221; header_2_font=&#8221;||||||||&#8221; header_3_font=&#8221;||||||||&#8221; max_width=&#8221;600px&#8221; header_font_size_tablet=&#8221;40px&#8221; header_font_size_phone=&#8221;&#8221; header_font_size_last_edited=&#8221;on|tablet&#8221; locked=&#8221;off&#8221; global_colors_info=&#8221;{}&#8221;]<\/p>\n<h1>Fastigheter<\/h1>\n<p>[\/et_pb_text][et_pb_text _builder_version=&#8221;4.16&#8243; text_font=&#8221;||||||||&#8221; header_font=&#8221;||||||||&#8221; header_3_font=&#8221;Karla|700||on|||||&#8221; header_3_text_color=&#8221;#adadad&#8221; header_3_font_size=&#8221;16px&#8221; header_3_letter_spacing=&#8221;1px&#8221; module_alignment=&#8221;right&#8221; custom_margin=&#8221;40px||20px|&#8221; custom_padding=&#8221;|||&#8221; global_colors_info=&#8221;{}&#8221;]<\/p>\n<h3>MARKNADSEXPERTIS OCH LOKALK\u00c4NNEDOM<\/h3>\n<p>[\/et_pb_text][et_pb_text _builder_version=&#8221;4.16&#8243; text_font=&#8221;Karla||||||||&#8221; text_text_color=&#8221;#000000&#8243; text_font_size=&#8221;18px&#8221; text_line_height=&#8221;1.8em&#8221; header_font=&#8221;Cormorant Garamond||||||||&#8221; header_text_color=&#8221;#000000&#8243; header_font_size=&#8221;56px&#8221; header_line_height=&#8221;1.4em&#8221; header_2_font=&#8221;||||||||&#8221; header_3_font=&#8221;||||||||&#8221; max_width=&#8221;600px&#8221; header_font_size_tablet=&#8221;40px&#8221; header_font_size_phone=&#8221;&#8221; header_font_size_last_edited=&#8221;on|tablet&#8221; locked=&#8221;off&#8221; global_colors_info=&#8221;{}&#8221;]<\/p>\n<p>Under de senaste tv\u00e5 decennierna har Vencom navigerat fastighetsmarknaden med framg\u00e5ng. Genom att aktivt f\u00f6rvalta tillg\u00e5ngar och fatta l\u00e4mpliga beslut kring tidpunkten f\u00f6r investeringar har Vencom m\u00f6jliggjort utm\u00e4rkt avkastning f\u00f6r sina kapitalpartners.<\/p>\n<p>Vencoms vision \u00e4r att inta en l\u00e5ngsiktig position p\u00e5 fastighetsmarknaden i Norden.<\/p>\n<p>[\/et_pb_text][\/et_pb_column][et_pb_column type=&#8221;1_2&#8243; _builder_version=&#8221;4.16&#8243; background_image=&#8221;https:\/\/vencom.se\/wp-content\/uploads\/2020\/09\/realestate_localknowledge.jpg&#8221; background_position=&#8221;top_left&#8221; custom_padding=&#8221;|||&#8221; global_colors_info=&#8221;{}&#8221; custom_padding__hover=&#8221;|||&#8221;][\/et_pb_column][\/et_pb_row][\/et_pb_section][et_pb_section fb_built=&#8221;1&#8243; admin_label=&#8221;Split Section&#8221; _builder_version=&#8221;4.16&#8243; custom_padding=&#8221;0px||0px|&#8221; animation_style=&#8221;fold&#8221; animation_direction=&#8221;bottom&#8221; animation_intensity_fold=&#8221;4%&#8221; global_colors_info=&#8221;{}&#8221;][et_pb_row column_structure=&#8221;1_2,1_2&#8243; use_custom_gutter=&#8221;on&#8221; gutter_width=&#8221;1&#8243; make_equal=&#8221;on&#8221; module_class=&#8221; et_pb_row_fullwidth&#8221; _builder_version=&#8221;4.16&#8243; background_size=&#8221;initial&#8221; background_position=&#8221;top_left&#8221; background_repeat=&#8221;repeat&#8221; width=&#8221;100%&#8221; width_tablet=&#8221;100%&#8221; width_phone=&#8221;&#8221; width_last_edited=&#8221;on|desktop&#8221; max_width=&#8221;100%&#8221; max_width_tablet=&#8221;100%&#8221; max_width_phone=&#8221;&#8221; max_width_last_edited=&#8221;on|desktop&#8221; custom_margin=&#8221;0px||0px|&#8221; custom_padding=&#8221;0px||0px|&#8221; make_fullwidth=&#8221;on&#8221; global_colors_info=&#8221;{}&#8221;][et_pb_column type=&#8221;1_2&#8243; _builder_version=&#8221;4.16&#8243; use_background_color_gradient=&#8221;on&#8221; background_image=&#8221;https:\/\/vencom.se\/wp-content\/uploads\/2020\/12\/Properties_vencom.jpg&#8221; background_position=&#8221;top_left&#8221; custom_padding=&#8221;|||&#8221; global_colors_info=&#8221;{}&#8221; custom_padding__hover=&#8221;|||&#8221;][\/et_pb_column][et_pb_column type=&#8221;1_2&#8243; _builder_version=&#8221;4.16&#8243; background_color=&#8221;#ffffff&#8221; background_position=&#8221;top_left&#8221; custom_padding=&#8221;8%|16%|8%|6%|false|false&#8221; global_colors_info=&#8221;{}&#8221; custom_padding__hover=&#8221;|||&#8221;][et_pb_text _builder_version=&#8221;4.16&#8243; text_font=&#8221;||||||||&#8221; header_font=&#8221;||||||||&#8221; header_3_font=&#8221;Karla|700||on|||||&#8221; header_3_text_color=&#8221;#adadad&#8221; header_3_font_size=&#8221;16px&#8221; header_3_letter_spacing=&#8221;1px&#8221; module_alignment=&#8221;right&#8221; custom_margin=&#8221;40px||20px|&#8221; custom_padding=&#8221;|||&#8221; global_colors_info=&#8221;{}&#8221;]<\/p>\n<h3>AKTIV KAPITALF\u00d6RVALTNING OCH UTVECKLING<\/h3>\n<p>&nbsp;<\/p>\n<p>[\/et_pb_text][et_pb_text _builder_version=&#8221;4.16&#8243; text_font=&#8221;Karla||||||||&#8221; text_text_color=&#8221;#000000&#8243; text_font_size=&#8221;18px&#8221; text_line_height=&#8221;1.8em&#8221; header_font=&#8221;||||||||&#8221; header_2_font=&#8221;Cormorant Garamond||||||||&#8221; header_2_font_size=&#8221;40px&#8221; header_2_line_height=&#8221;1.4em&#8221; header_3_font=&#8221;||||||||&#8221; locked=&#8221;off&#8221; global_colors_info=&#8221;{}&#8221;]<\/p>\n<p>Som operativ partner och medinvesterare s\u00f6ker Vencom aktivt investeringar och aff\u00e4rsm\u00f6jligheter, utvecklar kreativa och omfattande aff\u00e4rsplaner, samt tar ansvar f\u00f6r att det \u00f6verenskomna uppfylls. Vencom tar fullt \u00f6vergripande ansvar f\u00f6r tillg\u00e5ngs- och fastighetsf\u00f6rvaltning samt utveckling av fastigheterna.<\/p>\n<p>Vencom skapar fokuserade investeringsstrategier med specifika team som innehar relevanta specialkunskaper.<\/p>\n<p>Vencoms aff\u00e4rsmodell inkluderar full intern kontroll \u00f6ver samtliga strategiska och aff\u00e4rskritiska aktiviteter. P\u00e5 s\u00e5 s\u00e4tt uppn\u00e5s kontroll och engagemang samtidigt som konflikter undviks.<\/p>\n<p>[\/et_pb_text][\/et_pb_column][\/et_pb_row][\/et_pb_section][et_pb_section fb_built=&#8221;1&#8243; admin_label=&#8221;Split Section&#8221; _builder_version=&#8221;4.16&#8243; custom_padding=&#8221;0px||0px|&#8221; animation_style=&#8221;fold&#8221; animation_direction=&#8221;bottom&#8221; animation_intensity_fold=&#8221;4%&#8221; locked=&#8221;off&#8221; global_colors_info=&#8221;{}&#8221;][et_pb_row column_structure=&#8221;1_2,1_2&#8243; use_custom_gutter=&#8221;on&#8221; gutter_width=&#8221;1&#8243; make_equal=&#8221;on&#8221; module_class=&#8221; et_pb_row_fullwidth&#8221; _builder_version=&#8221;4.16&#8243; background_size=&#8221;initial&#8221; background_position=&#8221;top_left&#8221; background_repeat=&#8221;repeat&#8221; width=&#8221;100%&#8221; width_tablet=&#8221;100%&#8221; width_phone=&#8221;&#8221; width_last_edited=&#8221;on|desktop&#8221; max_width=&#8221;100%&#8221; max_width_tablet=&#8221;100%&#8221; max_width_phone=&#8221;&#8221; max_width_last_edited=&#8221;on|desktop&#8221; custom_margin=&#8221;|||&#8221; custom_padding=&#8221;0px||0px|&#8221; make_fullwidth=&#8221;on&#8221; global_colors_info=&#8221;{}&#8221;][et_pb_column type=&#8221;1_2&#8243; _builder_version=&#8221;4.16&#8243; background_color=&#8221;#ffffff&#8221; background_position=&#8221;top_left&#8221; custom_padding=&#8221;8%|6%|8%|16%&#8221; custom_padding_tablet=&#8221;&#8221; custom_padding_phone=&#8221;80px|10%|80px|10%&#8221; custom_padding_last_edited=&#8221;on|desktop&#8221; global_colors_info=&#8221;{}&#8221; custom_padding__hover=&#8221;|||&#8221;][et_pb_text _builder_version=&#8221;4.16&#8243; text_font=&#8221;||||||||&#8221; header_font=&#8221;||||||||&#8221; header_3_font=&#8221;Karla|700||on|||||&#8221; header_3_text_color=&#8221;#adadad&#8221; header_3_font_size=&#8221;16px&#8221; header_3_letter_spacing=&#8221;1px&#8221; module_alignment=&#8221;right&#8221; custom_margin=&#8221;40px||20px|&#8221; custom_padding=&#8221;|||&#8221; global_colors_info=&#8221;{}&#8221;]<\/p>\n<h3>HUR VI SKAPAR V\u00c4RDE<\/h3>\n<p>[\/et_pb_text][et_pb_text _builder_version=&#8221;4.16&#8243; text_font=&#8221;Karla||||||||&#8221; text_text_color=&#8221;#000000&#8243; text_font_size=&#8221;18px&#8221; text_line_height=&#8221;1.8em&#8221; header_font=&#8221;Cormorant Garamond||||||||&#8221; header_text_color=&#8221;#000000&#8243; header_font_size=&#8221;56px&#8221; header_line_height=&#8221;1.4em&#8221; header_2_font=&#8221;||||||||&#8221; header_3_font=&#8221;||||||||&#8221; max_width=&#8221;600px&#8221; header_font_size_tablet=&#8221;40px&#8221; header_font_size_phone=&#8221;&#8221; header_font_size_last_edited=&#8221;on|tablet&#8221; locked=&#8221;off&#8221; global_colors_info=&#8221;{}&#8221;]<\/p>\n<p>Vencoms v\u00e4rdeskapande bygger p\u00e5 en kombination av lokalk\u00e4nnedom, ett omfattande n\u00e4tverk samt praktisk f\u00f6rvaltning. Detta inkluderar en kreativ och proaktiv strategi f\u00f6r utveckling, ompositionering och\/eller omstrukturering.<\/p>\n<p>Att ha gemensamma intressen med v\u00e5ra partners \u00e4r n\u00e5got vi v\u00e4rderar h\u00f6gt och ser som ett absolut n\u00f6dv\u00e4ndigt element i v\u00e5rt v\u00e4rdeskapande. Ytterligare en h\u00f6rnsten i v\u00e5r filosofi \u00e4r att anv\u00e4nda oss av proaktivt arbete f\u00f6r probleml\u00f6sning och utveckling. <\/p>\n<p>F\u00f6r att skapa verklig f\u00f6r\u00e4ndring kr\u00e4vs anstr\u00e4ngningar och \u00e5tg\u00e4rder!<\/p>\n<p>[\/et_pb_text][\/et_pb_column][et_pb_column type=&#8221;1_2&#8243; _builder_version=&#8221;4.16&#8243; background_image=&#8221;https:\/\/vencom.se\/wp-content\/uploads\/2020\/09\/realestae_assetmanagement.jpg&#8221; background_position=&#8221;top_left&#8221; custom_padding=&#8221;|||&#8221; global_colors_info=&#8221;{}&#8221; custom_padding__hover=&#8221;|||&#8221;][\/et_pb_column][\/et_pb_row][\/et_pb_section]<\/p>\n","protected":false},"excerpt":{"rendered":"<p>FastigheterMARKNADSEXPERTIS OCH LOKALK\u00c4NNEDOMUnder de senaste tv\u00e5 decennierna har Vencom navigerat fastighetsmarknaden med framg\u00e5ng. Genom att aktivt f\u00f6rvalta tillg\u00e5ngar och fatta l\u00e4mpliga beslut kring tidpunkten f\u00f6r investeringar har Vencom m\u00f6jliggjort utm\u00e4rkt avkastning f\u00f6r sina kapitalpartners. Vencoms vision \u00e4r att inta en l\u00e5ngsiktig position p\u00e5 fastighetsmarknaden i Norden.AKTIV KAPITALF\u00d6RVALTNING OCH UTVECKLING &nbsp;Som operativ partner och medinvesterare s\u00f6ker [&hellip;]<\/p>\n","protected":false},"author":1,"featured_media":0,"parent":0,"menu_order":0,"comment_status":"closed","ping_status":"closed","template":"","meta":{"_et_pb_use_builder":"on","_et_pb_old_content":"","_et_gb_content_width":""},"aioseo_notices":[],"_links":{"self":[{"href":"https:\/\/vencom.se\/sv\/wp-json\/wp\/v2\/pages\/1582"}],"collection":[{"href":"https:\/\/vencom.se\/sv\/wp-json\/wp\/v2\/pages"}],"about":[{"href":"https:\/\/vencom.se\/sv\/wp-json\/wp\/v2\/types\/page"}],"author":[{"embeddable":true,"href":"https:\/\/vencom.se\/sv\/wp-json\/wp\/v2\/users\/1"}],"replies":[{"embeddable":true,"href":"https:\/\/vencom.se\/sv\/wp-json\/wp\/v2\/comments?post=1582"}],"version-history":[{"count":46,"href":"https:\/\/vencom.se\/sv\/wp-json\/wp\/v2\/pages\/1582\/revisions"}],"predecessor-version":[{"id":1839,"href":"https:\/\/vencom.se\/sv\/wp-json\/wp\/v2\/pages\/1582\/revisions\/1839"}],"wp:attachment":[{"href":"https:\/\/vencom.se\/sv\/wp-json\/wp\/v2\/media?parent=1582"}],"curies":[{"name":"wp","href":"https:\/\/api.w.org\/{rel}","templated":true}]}}