{"id":1576,"date":"2020-05-10T20:46:59","date_gmt":"2020-05-10T18:46:59","guid":{"rendered":"https:\/\/vencom.se\/hem\/"},"modified":"2023-08-22T08:31:21","modified_gmt":"2023-08-22T06:31:21","slug":"hem","status":"publish","type":"page","link":"https:\/\/vencom.se\/sv\/","title":{"rendered":"Hem"},"content":{"rendered":"<p>[et_pb_section fb_built=&#8221;1&#8243; fullwidth=&#8221;on&#8221; disabled_on=&#8221;off|off|off&#8221; admin_label=&#8221;Hero&#8221; _builder_version=&#8221;3.22&#8243; background_color=&#8221;#1f1f1f&#8221; parallax=&#8221;on&#8221; custom_padding=&#8221;|||&#8221; transparent_background=&#8221;on&#8221;][et_pb_fullwidth_slider _builder_version=&#8221;4.7.4&#8243; _module_preset=&#8221;default&#8221; auto=&#8221;on&#8221; auto_speed=&#8221;4000&#8243; auto_ignore_hover=&#8221;on&#8221; hover_enabled=&#8221;0&#8243; custom_css_slide_description=&#8221;animation: none !important;||&#8221; sticky_enabled=&#8221;0&#8243;][et_pb_slide heading=&#8221;Vencom \u00e4r en nordisk fastighets- och&#8221; use_bg_overlay=&#8221;off&#8221; use_text_overlay=&#8221;on&#8221; text_overlay_color=&#8221;rgba(0,0,0,0.52)&#8221; heading_tablet=&#8221;Vencom \u00e4r en nordisk fastighets- och&#8221; heading_phone=&#8221;Vencom \u00e4r en nordisk fastighets- och&#8221; heading_last_edited=&#8221;on|phone&#8221; _builder_version=&#8221;4.7.4&#8243; _module_preset=&#8221;default&#8221; header_level=&#8221;h2&#8243; header_font=&#8221;Cormorant Garamond|600|||||||&#8221; header_font_size=&#8221;65px&#8221; body_font=&#8221;Cormorant Garamond|600|||||||&#8221; body_font_size=&#8221;67px&#8221; body_line_height=&#8221;1em&#8221; background_enable_color=&#8221;off&#8221; background_image=&#8221;https:\/\/vencom.se\/wp-content\/uploads\/2020\/12\/property_manager05.jpg&#8221; background_enable_image=&#8221;on&#8221; custom_button=&#8221;on&#8221; button_bg_color=&#8221;rgba(0,0,0,0.52)&#8221; button_border_color=&#8221;rgba(0,0,0,0)&#8221; button_use_icon=&#8221;off&#8221; header_font_size_tablet=&#8221;&#8221; header_font_size_phone=&#8221;52px&#8221; header_font_size_last_edited=&#8221;on|tablet&#8221; body_font_size_tablet=&#8221;&#8221; body_font_size_phone=&#8221;39px&#8221; body_font_size_last_edited=&#8221;on|phone&#8221; sticky_transition=&#8221;on&#8221;]<\/p>\n<p>infrastrukturpartner<\/p>\n<p style=\"font-size:30px;font-family: Open Sans,Arial,sans-serif;font-weight: normal\"> VI SKAPAR V\u00c4RDE<\/p>\n<p>[\/et_pb_slide][et_pb_slide heading=&#8221;Vencom \u00e4r en nordisk fastighets- och&#8221; use_bg_overlay=&#8221;off&#8221; use_text_overlay=&#8221;on&#8221; text_overlay_color=&#8221;rgba(0,0,0,0.27)&#8221; heading_tablet=&#8221;Vencom \u00e4r en nordisk fastighets- och&#8221; heading_phone=&#8221;Vencom \u00e4r en nordisk fastighets- och&#8221; heading_last_edited=&#8221;on|phone&#8221; _builder_version=&#8221;4.7.4&#8243; _module_preset=&#8221;default&#8221; header_level=&#8221;h2&#8243; header_font=&#8221;Cormorant Garamond|600|||||||&#8221; header_font_size=&#8221;65px&#8221; body_font=&#8221;Cormorant Garamond|600|||||||&#8221; body_font_size=&#8221;67px&#8221; body_line_height=&#8221;1em&#8221; background_enable_color=&#8221;off&#8221; background_image=&#8221;https:\/\/vencom.se\/wp-content\/uploads\/2020\/12\/property_manager04.jpg&#8221; background_enable_image=&#8221;on&#8221; custom_button=&#8221;on&#8221; button_bg_color=&#8221;rgba(0,0,0,0.52)&#8221; button_border_color=&#8221;rgba(0,0,0,0)&#8221; button_use_icon=&#8221;off&#8221; header_font_size_tablet=&#8221;&#8221; header_font_size_phone=&#8221;52px&#8221; header_font_size_last_edited=&#8221;on|tablet&#8221; body_font_size_tablet=&#8221;&#8221; body_font_size_phone=&#8221;39px&#8221; body_font_size_last_edited=&#8221;on|phone&#8221; sticky_transition=&#8221;on&#8221;]<\/p>\n<p>infrastrukturpartner<\/p>\n<p style=\"font-size:30px;font-family: Open Sans,Arial,sans-serif;font-weight: normal\"> VI SKAPAR V\u00c4RDE<\/p>\n<p>[\/et_pb_slide][et_pb_slide heading=&#8221;Vencom \u00e4r en nordisk fastighets- och&#8221; use_bg_overlay=&#8221;off&#8221; use_text_overlay=&#8221;on&#8221; text_overlay_color=&#8221;rgba(0,0,0,0.31)&#8221; heading_tablet=&#8221;Vencom \u00e4r en nordisk fastighets- och&#8221; heading_phone=&#8221;Vencom \u00e4r en nordisk fastighets- och&#8221; heading_last_edited=&#8221;on|phone&#8221; _builder_version=&#8221;4.7.4&#8243; _module_preset=&#8221;default&#8221; header_level=&#8221;h2&#8243; header_font=&#8221;Cormorant Garamond|600|||||||&#8221; header_font_size=&#8221;65px&#8221; body_font=&#8221;Cormorant Garamond|600|||||||&#8221; body_font_size=&#8221;67px&#8221; body_line_height=&#8221;1em&#8221; background_enable_color=&#8221;off&#8221; background_image=&#8221;https:\/\/vencom.se\/wp-content\/uploads\/2020\/12\/property_manager03.jpg&#8221; background_enable_image=&#8221;on&#8221; custom_button=&#8221;on&#8221; button_bg_color=&#8221;rgba(0,0,0,0.52)&#8221; button_border_color=&#8221;rgba(0,0,0,0)&#8221; button_use_icon=&#8221;off&#8221; header_font_size_tablet=&#8221;&#8221; header_font_size_phone=&#8221;52px&#8221; header_font_size_last_edited=&#8221;on|tablet&#8221; body_font_size_tablet=&#8221;&#8221; body_font_size_phone=&#8221;39px&#8221; body_font_size_last_edited=&#8221;on|phone&#8221; sticky_transition=&#8221;on&#8221;]<\/p>\n<p>infrastrukturpartner<\/p>\n<p style=\"font-size:30px;font-family: Open Sans,Arial,sans-serif;font-weight: normal\"> VI SKAPAR V\u00c4RDE<\/p>\n<p>[\/et_pb_slide][et_pb_slide heading=&#8221;Vencom \u00e4r en nordisk fastighets- och&#8221; use_bg_overlay=&#8221;off&#8221; use_text_overlay=&#8221;on&#8221; text_overlay_color=&#8221;rgba(0,0,0,0.52)&#8221; heading_tablet=&#8221;Vencom \u00e4r en nordisk fastighets- och&#8221; heading_phone=&#8221;Vencom \u00e4r en nordisk fastighets- och&#8221; heading_last_edited=&#8221;on|phone&#8221; _builder_version=&#8221;4.7.4&#8243; _module_preset=&#8221;default&#8221; header_level=&#8221;h2&#8243; header_font=&#8221;Cormorant Garamond|600|||||||&#8221; header_font_size=&#8221;65px&#8221; body_font=&#8221;Cormorant Garamond|600|||||||&#8221; body_font_size=&#8221;67px&#8221; body_line_height=&#8221;1em&#8221; background_enable_color=&#8221;off&#8221; background_image=&#8221;https:\/\/vencom.se\/wp-content\/uploads\/2020\/12\/property_manager01.jpg&#8221; background_enable_image=&#8221;on&#8221; custom_button=&#8221;on&#8221; button_bg_color=&#8221;rgba(0,0,0,0.52)&#8221; button_border_color=&#8221;rgba(0,0,0,0)&#8221; button_use_icon=&#8221;off&#8221; header_font_size_tablet=&#8221;&#8221; header_font_size_phone=&#8221;52px&#8221; header_font_size_last_edited=&#8221;on|tablet&#8221; body_font_size_tablet=&#8221;&#8221; body_font_size_phone=&#8221;39px&#8221; body_font_size_last_edited=&#8221;on|phone&#8221; sticky_transition=&#8221;on&#8221;]<\/p>\n<p>infrastrukturpartner<\/p>\n<p style=\"font-size:30px;font-family: Open Sans,Arial,sans-serif;font-weight: normal\"> VI SKAPAR V\u00c4RDE<\/p>\n<p>[\/et_pb_slide][et_pb_slide heading=&#8221;Vencom \u00e4r en nordisk fastighets- och&#8221; use_bg_overlay=&#8221;off&#8221; use_text_overlay=&#8221;on&#8221; text_overlay_color=&#8221;rgba(0,0,0,0.52)&#8221; heading_tablet=&#8221;Vencom \u00e4r en nordisk fastighets- och&#8221; heading_phone=&#8221;Vencom \u00e4r en nordisk fastighets- och&#8221; heading_last_edited=&#8221;on|phone&#8221; _builder_version=&#8221;4.7.4&#8243; _module_preset=&#8221;default&#8221; header_level=&#8221;h2&#8243; header_font=&#8221;Cormorant Garamond|600|||||||&#8221; header_font_size=&#8221;65px&#8221; body_font=&#8221;Cormorant Garamond|600|||||||&#8221; body_font_size=&#8221;67px&#8221; body_line_height=&#8221;1em&#8221; background_enable_color=&#8221;off&#8221; background_image=&#8221;https:\/\/vencom.se\/wp-content\/uploads\/2020\/12\/property_manager02.jpg&#8221; background_enable_image=&#8221;on&#8221; custom_button=&#8221;on&#8221; button_bg_color=&#8221;rgba(0,0,0,0.52)&#8221; button_border_color=&#8221;rgba(0,0,0,0)&#8221; button_use_icon=&#8221;off&#8221; header_font_size_tablet=&#8221;&#8221; header_font_size_phone=&#8221;52px&#8221; header_font_size_last_edited=&#8221;on|tablet&#8221; body_font_size_tablet=&#8221;&#8221; body_font_size_phone=&#8221;39px&#8221; body_font_size_last_edited=&#8221;on|phone&#8221; sticky_transition=&#8221;on&#8221;]<\/p>\n<p>infrastrukturpartner<\/p>\n<p style=\"font-size:30px;font-family: Open Sans,Arial,sans-serif;font-weight: normal\"> VI SKAPAR V\u00c4RDE<\/p>\n<p>[\/et_pb_slide][\/et_pb_fullwidth_slider][\/et_pb_section][et_pb_section fb_built=&#8221;1&#8243; admin_label=&#8221;Projects&#8221; _builder_version=&#8221;3.22&#8243; custom_padding=&#8221;31px||90px|||&#8221;][et_pb_row column_structure=&#8221;1_2,1_2&#8243; _builder_version=&#8221;4.5.8&#8243; background_size=&#8221;initial&#8221; background_position=&#8221;top_left&#8221; background_repeat=&#8221;repeat&#8221; custom_padding=&#8221;45px|||&#8221; locked=&#8221;off&#8221;][et_pb_column type=&#8221;1_2&#8243; _builder_version=&#8221;4.5.8&#8243; custom_padding=&#8221;|||&#8221; custom_padding__hover=&#8221;|||&#8221;][et_pb_blurb title=&#8221;Fastigheter&#8221; image=&#8221;https:\/\/vencom.se\/wp-content\/uploads\/2020\/12\/Properties.jpg&#8221; admin_label=&#8221;Project&#8221; _builder_version=&#8221;4.7.4&#8243; header_font=&#8221;Karla||||||||&#8221; header_font_size=&#8221;34px&#8221; header_line_height=&#8221;1.3em&#8221; body_line_height=&#8221;1.8em&#8221; background_size=&#8221;initial&#8221; background_position=&#8221;top_left&#8221; background_repeat=&#8221;repeat&#8221; animation_style=&#8221;fold&#8221; animation_direction=&#8221;bottom&#8221; animation_intensity_fold=&#8221;10%&#8221; link_option_url=&#8221;https:\/\/vencom.se\/sv\/fastighet\/&#8221;]<\/p>\n<p>Vencom Property Partners agerar som en investerare, utvecklare samt tillg\u00e5ngs- och fastighetsf\u00f6rvaltare i Norden.<\/p>\n<p>[\/et_pb_blurb][\/et_pb_column][et_pb_column type=&#8221;1_2&#8243; _builder_version=&#8221;3.25&#8243; custom_padding=&#8221;|||&#8221; custom_padding__hover=&#8221;|||&#8221;][et_pb_blurb title=&#8221;Infrastruktur&#8221; url=&#8221;https:\/\/vencom.se\/sv\/infrastruktur\/&#8221; image=&#8221;https:\/\/vencom.se\/wp-content\/uploads\/2020\/12\/Infrastructure.jpg&#8221; admin_label=&#8221;Project&#8221; _builder_version=&#8221;4.7.4&#8243; header_font=&#8221;Karla||||||||&#8221; header_font_size=&#8221;34px&#8221; header_line_height=&#8221;1.3em&#8221; body_line_height=&#8221;1.8em&#8221; background_size=&#8221;initial&#8221; background_position=&#8221;top_left&#8221; background_repeat=&#8221;repeat&#8221; animation_style=&#8221;fold&#8221; animation_direction=&#8221;bottom&#8221; animation_delay=&#8221;100ms&#8221; animation_intensity_fold=&#8221;10%&#8221; link_option_url=&#8221;https:\/\/vencom.se\/sv\/infrastruktur\/&#8221; locked=&#8221;off&#8221;]Vencom Infrastructure Partners erbjuder r\u00e5dgivningstj\u00e4nster till institutioner, fonder och family offices som \u00e4r intresserade av sektorn f\u00f6r f\u00f6rnybar energi i Norden.[\/et_pb_blurb][\/et_pb_column][\/et_pb_row][\/et_pb_section]<\/p>\n","protected":false},"excerpt":{"rendered":"<p>infrastrukturpartner VI SKAPAR V\u00c4RDEinfrastrukturpartner VI SKAPAR V\u00c4RDEinfrastrukturpartner VI SKAPAR V\u00c4RDEinfrastrukturpartner VI SKAPAR V\u00c4RDEinfrastrukturpartner VI SKAPAR V\u00c4RDEVencom Property Partners agerar som en investerare, utvecklare samt tillg\u00e5ngs- och fastighetsf\u00f6rvaltare i Norden.Vencom Infrastructure Partners erbjuder r\u00e5dgivningstj\u00e4nster till institutioner, fonder och family offices som \u00e4r intresserade av sektorn f\u00f6r f\u00f6rnybar energi i Norden.<\/p>\n","protected":false},"author":1,"featured_media":0,"parent":0,"menu_order":0,"comment_status":"closed","ping_status":"closed","template":"","meta":{"_et_pb_use_builder":"on","_et_pb_old_content":"","_et_gb_content_width":""},"aioseo_notices":[],"_links":{"self":[{"href":"https:\/\/vencom.se\/sv\/wp-json\/wp\/v2\/pages\/1576"}],"collection":[{"href":"https:\/\/vencom.se\/sv\/wp-json\/wp\/v2\/pages"}],"about":[{"href":"https:\/\/vencom.se\/sv\/wp-json\/wp\/v2\/types\/page"}],"author":[{"embeddable":true,"href":"https:\/\/vencom.se\/sv\/wp-json\/wp\/v2\/users\/1"}],"replies":[{"embeddable":true,"href":"https:\/\/vencom.se\/sv\/wp-json\/wp\/v2\/comments?post=1576"}],"version-history":[{"count":25,"href":"https:\/\/vencom.se\/sv\/wp-json\/wp\/v2\/pages\/1576\/revisions"}],"predecessor-version":[{"id":1826,"href":"https:\/\/vencom.se\/sv\/wp-json\/wp\/v2\/pages\/1576\/revisions\/1826"}],"wp:attachment":[{"href":"https:\/\/vencom.se\/sv\/wp-json\/wp\/v2\/media?parent=1576"}],"curies":[{"name":"wp","href":"https:\/\/api.w.org\/{rel}","templated":true}]}}