{"id":1570,"date":"2020-08-26T08:34:12","date_gmt":"2020-08-26T06:34:12","guid":{"rendered":"https:\/\/vencom.se\/infrastruktur\/"},"modified":"2024-11-10T12:39:41","modified_gmt":"2024-11-10T11:39:41","slug":"infrastruktur","status":"publish","type":"page","link":"https:\/\/vencom.se\/sv\/infrastruktur\/","title":{"rendered":"Infrastruktur"},"content":{"rendered":"<p>[et_pb_section fb_built=&#8221;1&#8243; admin_label=&#8221;Split Section&#8221; _builder_version=&#8221;4.16&#8243; custom_padding=&#8221;0px||0px|&#8221; animation_style=&#8221;fold&#8221; animation_direction=&#8221;bottom&#8221; animation_intensity_fold=&#8221;4%&#8221; locked=&#8221;off&#8221; global_colors_info=&#8221;{}&#8221;][et_pb_row column_structure=&#8221;1_2,1_2&#8243; use_custom_gutter=&#8221;on&#8221; gutter_width=&#8221;1&#8243; make_equal=&#8221;on&#8221; module_class=&#8221; et_pb_row_fullwidth&#8221; _builder_version=&#8221;4.16&#8243; background_size=&#8221;initial&#8221; background_position=&#8221;top_left&#8221; background_repeat=&#8221;repeat&#8221; width=&#8221;100%&#8221; width_tablet=&#8221;100%&#8221; width_phone=&#8221;&#8221; width_last_edited=&#8221;on|desktop&#8221; max_width=&#8221;100%&#8221; max_width_tablet=&#8221;100%&#8221; max_width_phone=&#8221;&#8221; max_width_last_edited=&#8221;on|desktop&#8221; custom_margin=&#8221;|||&#8221; custom_padding=&#8221;0px||0px|&#8221; make_fullwidth=&#8221;on&#8221; global_colors_info=&#8221;{}&#8221;][et_pb_column type=&#8221;1_2&#8243; _builder_version=&#8221;4.16&#8243; background_color=&#8221;#ffffff&#8221; background_position=&#8221;top_left&#8221; custom_padding=&#8221;8%|6%|8%|16%&#8221; custom_padding_tablet=&#8221;&#8221; custom_padding_phone=&#8221;80px|10%|80px|10%&#8221; custom_padding_last_edited=&#8221;on|desktop&#8221; global_colors_info=&#8221;{}&#8221; custom_padding__hover=&#8221;|||&#8221;][et_pb_text _builder_version=&#8221;4.16&#8243; text_font=&#8221;Karla||||||||&#8221; text_text_color=&#8221;#000000&#8243; text_font_size=&#8221;18px&#8221; text_line_height=&#8221;1.8em&#8221; header_font=&#8221;Cormorant Garamond||||||||&#8221; header_text_color=&#8221;#000000&#8243; header_font_size=&#8221;56px&#8221; header_line_height=&#8221;1.4em&#8221; header_2_font=&#8221;||||||||&#8221; header_3_font=&#8221;||||||||&#8221; max_width=&#8221;600px&#8221; header_font_size_tablet=&#8221;40px&#8221; header_font_size_phone=&#8221;&#8221; header_font_size_last_edited=&#8221;on|tablet&#8221; locked=&#8221;off&#8221; global_colors_info=&#8221;{}&#8221;]<\/p>\n<h1>Infrastruktur<\/h1>\n<p>[\/et_pb_text][et_pb_text _builder_version=&#8221;4.16&#8243; text_font=&#8221;||||||||&#8221; header_font=&#8221;||||||||&#8221; header_3_font=&#8221;Karla|700||on|||||&#8221; header_3_text_color=&#8221;#adadad&#8221; header_3_font_size=&#8221;16px&#8221; header_3_letter_spacing=&#8221;1px&#8221; module_alignment=&#8221;right&#8221; custom_margin=&#8221;40px||20px|&#8221; custom_padding=&#8221;|||&#8221; global_colors_info=&#8221;{}&#8221;]<\/p>\n<h3>MARKNADSEXPERTIS OCH LOKALK\u00c4NNEDOM<\/h3>\n<p>[\/et_pb_text][et_pb_text _builder_version=&#8221;4.16&#8243; text_font=&#8221;Karla||||||||&#8221; text_text_color=&#8221;#000000&#8243; text_font_size=&#8221;18px&#8221; text_line_height=&#8221;1.8em&#8221; header_font=&#8221;Cormorant Garamond||||||||&#8221; header_text_color=&#8221;#000000&#8243; header_font_size=&#8221;56px&#8221; header_line_height=&#8221;1.4em&#8221; header_2_font=&#8221;||||||||&#8221; header_3_font=&#8221;||||||||&#8221; max_width=&#8221;600px&#8221; header_font_size_tablet=&#8221;40px&#8221; header_font_size_phone=&#8221;&#8221; header_font_size_last_edited=&#8221;on|tablet&#8221; locked=&#8221;off&#8221; global_colors_info=&#8221;{}&#8221;]<\/p>\n<p>Vencom har en stark tro p\u00e5 utvecklingen mot en allt mer f\u00f6rnyelsebar och marknadsbaserad elmarknad. Detta \u00e4r i linje med Vencoms str\u00e4van efter att erbjuda sina partners investeringar och r\u00e5dgivningstj\u00e4nster i v\u00e4lstrukturerade projekt som \u00e4r h\u00e5llbara \u00f6ver tid.<\/p>\n<p>Sedan flera \u00e5r tillbaka \u00e4r Vencom projektutvecklar och f\u00f6rvaltare av tillg\u00e5ngar av landbaserad vindkraft i Norden. Detta har resulterat i ett unikt lokalt n\u00e4tverk och en god f\u00f6rst\u00e5else f\u00f6r de nuvarande marknadstrenderna och l\u00e4mpliga erbjudandena f\u00f6r olika strategier. Dessutom har det resulterat i en djup kunskap om geografiska platser, samt om elprismekanismer och relevanta priss\u00e4kringsstrategier. <\/p>\n<p>Vencom har mer \u00e4n tv\u00e5 decenniers erfarenhet av l\u00e5ngsiktiga investeringar. Med omfattande erfarenhet som operativ partner och medinvesterare tar Vencom ansvar f\u00f6r skapandet, och vid behov, fullf\u00f6ljandet av den \u00f6verenskomna aff\u00e4rsplanen.<\/p>\n<p>&nbsp;<\/p>\n<p>[\/et_pb_text][\/et_pb_column][et_pb_column type=&#8221;1_2&#8243; _builder_version=&#8221;4.16&#8243; background_image=&#8221;https:\/\/vencom.se\/wp-content\/uploads\/2020\/12\/Infrastructure01_3.jpg&#8221; background_position=&#8221;top_left&#8221; custom_padding=&#8221;|||&#8221; global_colors_info=&#8221;{}&#8221; custom_padding__hover=&#8221;|||&#8221;][\/et_pb_column][\/et_pb_row][\/et_pb_section][et_pb_section fb_built=&#8221;1&#8243; admin_label=&#8221;Split Section&#8221; _builder_version=&#8221;4.16&#8243; custom_padding=&#8221;0px||0px|&#8221; animation_style=&#8221;fold&#8221; animation_direction=&#8221;bottom&#8221; animation_intensity_fold=&#8221;4%&#8221; global_colors_info=&#8221;{}&#8221;][et_pb_row column_structure=&#8221;1_2,1_2&#8243; use_custom_gutter=&#8221;on&#8221; gutter_width=&#8221;1&#8243; make_equal=&#8221;on&#8221; module_class=&#8221; et_pb_row_fullwidth&#8221; _builder_version=&#8221;4.16&#8243; background_size=&#8221;initial&#8221; background_position=&#8221;top_left&#8221; background_repeat=&#8221;repeat&#8221; width=&#8221;100%&#8221; width_tablet=&#8221;100%&#8221; width_phone=&#8221;&#8221; width_last_edited=&#8221;on|desktop&#8221; max_width=&#8221;100%&#8221; max_width_tablet=&#8221;100%&#8221; max_width_phone=&#8221;&#8221; max_width_last_edited=&#8221;on|desktop&#8221; custom_margin=&#8221;0px||0px|&#8221; custom_padding=&#8221;0px||0px|&#8221; make_fullwidth=&#8221;on&#8221; global_colors_info=&#8221;{}&#8221;][et_pb_column type=&#8221;1_2&#8243; _builder_version=&#8221;4.16&#8243; use_background_color_gradient=&#8221;on&#8221; background_image=&#8221;https:\/\/vencom.se\/wp-content\/uploads\/2020\/12\/Infrastructure02.jpg&#8221; background_position=&#8221;top_left&#8221; custom_padding=&#8221;|||&#8221; global_colors_info=&#8221;{}&#8221; custom_padding__hover=&#8221;|||&#8221;][\/et_pb_column][et_pb_column type=&#8221;1_2&#8243; _builder_version=&#8221;4.16&#8243; background_color=&#8221;#ffffff&#8221; background_position=&#8221;top_left&#8221; custom_padding=&#8221;8%|16%|8%|6%|false|false&#8221; global_colors_info=&#8221;{}&#8221; custom_padding__hover=&#8221;|||&#8221;][et_pb_text _builder_version=&#8221;4.16&#8243; text_font=&#8221;||||||||&#8221; header_font=&#8221;||||||||&#8221; header_3_font=&#8221;Karla|700||on|||||&#8221; header_3_text_color=&#8221;#adadad&#8221; header_3_font_size=&#8221;16px&#8221; header_3_letter_spacing=&#8221;1px&#8221; module_alignment=&#8221;right&#8221; custom_margin=&#8221;36px||20px|||&#8221; custom_padding=&#8221;|||&#8221; global_colors_info=&#8221;{}&#8221;]<\/p>\n<h3>PROJEKTUTVECKLING OCH R\u00c5DGIVNINGSTJ\u00c4NSTER<\/h3>\n<p>[\/et_pb_text][et_pb_text admin_label=&#8221;Text&#8221; _builder_version=&#8221;4.21.0&#8243; text_font=&#8221;Karla||||||||&#8221; text_text_color=&#8221;#000000&#8243; text_font_size=&#8221;18px&#8221; text_line_height=&#8221;1.8em&#8221; header_font=&#8221;||||||||&#8221; header_2_font=&#8221;Cormorant Garamond||||||||&#8221; header_2_font_size=&#8221;40px&#8221; header_2_line_height=&#8221;1.4em&#8221; header_3_font=&#8221;||||||||&#8221; locked=&#8221;off&#8221; global_colors_info=&#8221;{}&#8221;]<\/p>\n<p>Med fokus p\u00e5 norra Sverige har Vencom under de senaste \u00e5ren byggt upp en utvecklingsportf\u00f6lj inom landbaserad vindkraft. Portf\u00f6ljens storlek \u00e4r idag cirka 1 400 MW och det f\u00f6rsta projektets milj\u00f6tillst\u00e5nd erh\u00f6lls 2024.<\/p>\n<p>Vencom erbjuder ocks\u00e5 r\u00e5dgivningstj\u00e4nster relaterade till transaktioner, projektfinansiering och v\u00e4rdeskapande. Vencom tar det \u00f6vergripande ansvaret f\u00f6r f\u00f6rvaltningen av tillg\u00e5ngarna och fullf\u00f6ljandet av aff\u00e4rsplanen som operativ partner och medinvesterare.<\/p>\n<p>&nbsp;<\/p>\n<p>[\/et_pb_text][\/et_pb_column][\/et_pb_row][\/et_pb_section][et_pb_section fb_built=&#8221;1&#8243; admin_label=&#8221;Split Section&#8221; _builder_version=&#8221;4.16&#8243; custom_padding=&#8221;0px||0px|&#8221; animation_style=&#8221;fold&#8221; animation_direction=&#8221;bottom&#8221; animation_intensity_fold=&#8221;4%&#8221; locked=&#8221;off&#8221; global_colors_info=&#8221;{}&#8221;][et_pb_row column_structure=&#8221;1_2,1_2&#8243; use_custom_gutter=&#8221;on&#8221; gutter_width=&#8221;1&#8243; make_equal=&#8221;on&#8221; module_class=&#8221; et_pb_row_fullwidth&#8221; _builder_version=&#8221;4.16&#8243; background_position=&#8221;center_left&#8221; background_repeat=&#8221;repeat&#8221; width=&#8221;100%&#8221; width_tablet=&#8221;100%&#8221; width_phone=&#8221;&#8221; width_last_edited=&#8221;on|desktop&#8221; max_width=&#8221;100%&#8221; max_width_tablet=&#8221;100%&#8221; max_width_phone=&#8221;&#8221; max_width_last_edited=&#8221;on|desktop&#8221; custom_margin=&#8221;|||&#8221; custom_padding=&#8221;0px||0px|&#8221; make_fullwidth=&#8221;on&#8221; global_colors_info=&#8221;{}&#8221;][et_pb_column type=&#8221;1_2&#8243; _builder_version=&#8221;4.16&#8243; background_color=&#8221;#ffffff&#8221; background_position=&#8221;top_left&#8221; custom_padding=&#8221;8%|6%|8%|16%&#8221; custom_padding_tablet=&#8221;&#8221; custom_padding_phone=&#8221;80px|10%|80px|10%&#8221; custom_padding_last_edited=&#8221;on|desktop&#8221; global_colors_info=&#8221;{}&#8221; custom_padding__hover=&#8221;|||&#8221;][et_pb_text _builder_version=&#8221;4.16&#8243; text_font=&#8221;||||||||&#8221; header_font=&#8221;||||||||&#8221; header_3_font=&#8221;Karla|700||on|||||&#8221; header_3_text_color=&#8221;#adadad&#8221; header_3_font_size=&#8221;16px&#8221; header_3_letter_spacing=&#8221;1px&#8221; module_alignment=&#8221;right&#8221; custom_margin=&#8221;40px||20px|&#8221; custom_padding=&#8221;|||&#8221; global_colors_info=&#8221;{}&#8221;]<\/p>\n<h3>HUR VI SKAPAR V\u00c4RDE<\/h3>\n<p>[\/et_pb_text][et_pb_text _builder_version=&#8221;4.16&#8243; text_font=&#8221;Karla||||||||&#8221; text_text_color=&#8221;#000000&#8243; text_font_size=&#8221;18px&#8221; text_line_height=&#8221;1.8em&#8221; header_font=&#8221;Cormorant Garamond||||||||&#8221; header_text_color=&#8221;#000000&#8243; header_font_size=&#8221;56px&#8221; header_line_height=&#8221;1.4em&#8221; header_2_font=&#8221;||||||||&#8221; header_3_font=&#8221;||||||||&#8221; max_width=&#8221;600px&#8221; header_font_size_tablet=&#8221;40px&#8221; header_font_size_phone=&#8221;&#8221; header_font_size_last_edited=&#8221;on|tablet&#8221; locked=&#8221;off&#8221; global_colors_info=&#8221;{}&#8221;]<\/p>\n<p>Vencoms v\u00e4rdeskapande bygger p\u00e5 en kombination av lokalk\u00e4nnedom, ett omfattande n\u00e4tverk samt praktisk f\u00f6rvaltning. Detta inkluderar en kreativ och proaktiv strategi f\u00f6r utveckling, v\u00e4rdeskapande ompositionering och\/eller omstrukturering.<\/p>\n<p>Att ha gemensamma intressen med v\u00e5ra partners \u00e4r n\u00e5got vi v\u00e4rderar h\u00f6gt och ser som ett absolut n\u00f6dv\u00e4ndigt element i v\u00e5rt v\u00e4rdeskapande. Ytterligare en h\u00f6rnsten i v\u00e5r filosofi \u00e4r att anv\u00e4nda oss av proaktivt arbete f\u00f6r probleml\u00f6sning och utveckling.<\/p>\n<p>F\u00f6r att skapa verklig f\u00f6r\u00e4ndring kr\u00e4vs anstr\u00e4ngningar och \u00e5tg\u00e4rder!<\/p>\n<p>[\/et_pb_text][\/et_pb_column][et_pb_column type=&#8221;1_2&#8243; _builder_version=&#8221;4.16&#8243; background_image=&#8221;https:\/\/vencom.se\/wp-content\/uploads\/2020\/09\/vencom_aboutus.jpg&#8221; background_position=&#8221;center_right&#8221; custom_padding=&#8221;|||&#8221; global_colors_info=&#8221;{}&#8221; custom_padding__hover=&#8221;|||&#8221;][\/et_pb_column][\/et_pb_row][\/et_pb_section]<\/p>\n","protected":false},"excerpt":{"rendered":"<p>InfrastrukturMARKNADSEXPERTIS OCH LOKALK\u00c4NNEDOMVencom har en stark tro p\u00e5 utvecklingen mot en allt mer f\u00f6rnyelsebar och marknadsbaserad elmarknad. Detta \u00e4r i linje med Vencoms str\u00e4van efter att erbjuda sina partners investeringar och r\u00e5dgivningstj\u00e4nster i v\u00e4lstrukturerade projekt som \u00e4r h\u00e5llbara \u00f6ver tid. Sedan flera \u00e5r tillbaka \u00e4r Vencom projektutvecklar och f\u00f6rvaltare av tillg\u00e5ngar av landbaserad vindkraft i [&hellip;]<\/p>\n","protected":false},"author":1,"featured_media":0,"parent":0,"menu_order":0,"comment_status":"closed","ping_status":"closed","template":"","meta":{"_et_pb_use_builder":"on","_et_pb_old_content":"","_et_gb_content_width":""},"aioseo_notices":[],"_links":{"self":[{"href":"https:\/\/vencom.se\/sv\/wp-json\/wp\/v2\/pages\/1570"}],"collection":[{"href":"https:\/\/vencom.se\/sv\/wp-json\/wp\/v2\/pages"}],"about":[{"href":"https:\/\/vencom.se\/sv\/wp-json\/wp\/v2\/types\/page"}],"author":[{"embeddable":true,"href":"https:\/\/vencom.se\/sv\/wp-json\/wp\/v2\/users\/1"}],"replies":[{"embeddable":true,"href":"https:\/\/vencom.se\/sv\/wp-json\/wp\/v2\/comments?post=1570"}],"version-history":[{"count":63,"href":"https:\/\/vencom.se\/sv\/wp-json\/wp\/v2\/pages\/1570\/revisions"}],"predecessor-version":[{"id":1926,"href":"https:\/\/vencom.se\/sv\/wp-json\/wp\/v2\/pages\/1570\/revisions\/1926"}],"wp:attachment":[{"href":"https:\/\/vencom.se\/sv\/wp-json\/wp\/v2\/media?parent=1570"}],"curies":[{"name":"wp","href":"https:\/\/api.w.org\/{rel}","templated":true}]}}